{"id":747,"date":"2022-06-09T20:22:46","date_gmt":"2022-06-09T20:22:46","guid":{"rendered":"https:\/\/startertemplatecloud.com\/g56\/?page_id=678"},"modified":"2026-03-10T15:10:56","modified_gmt":"2026-03-10T15:10:56","slug":"gallery","status":"publish","type":"page","link":"https:\/\/camp-in-poses.com\/en\/galerie\/","title":{"rendered":"Gallery"},"content":{"rendered":"<style>.kb-row-layout-wrap.wp-block-kadence-rowlayout.kb-row-layout-id747_f434b6-ac{margin-top:-50px;margin-bottom:0px;}.kb-row-layout-id747_f434b6-ac > .kt-row-column-wrap{align-content:start;}:where(.kb-row-layout-id747_f434b6-ac > .kt-row-column-wrap) > .wp-block-kadence-column{justify-content:start;}.kb-row-layout-id747_f434b6-ac > .kt-row-column-wrap{column-gap:var(--global-kb-gap-md, 2rem);row-gap:var(--global-kb-gap-md, 2rem);max-width:var( --global-content-width, 1290px );padding-left:var(--global-content-edge-padding);padding-right:var(--global-content-edge-padding);padding-top:80px;padding-bottom:80px;grid-template-columns:minmax(0, 1fr);}.kb-row-layout-id747_f434b6-ac{border-top-left-radius:50px;border-top-right-radius:50px;overflow:clip;isolation:isolate;}.kb-row-layout-id747_f434b6-ac > .kt-row-layout-overlay{border-top-left-radius:50px;border-top-right-radius:50px;}.kb-row-layout-id747_f434b6-ac > .kt-row-layout-overlay{opacity:0.30;}@media all and (max-width: 1024px){.kb-row-layout-id747_f434b6-ac > .kt-row-column-wrap{padding-top:60px;padding-right:0px;padding-bottom:60px;padding-left:0px;grid-template-columns:minmax(0, 1fr);}}@media all and (max-width: 767px){.kb-row-layout-id747_f434b6-ac > .kt-row-column-wrap{padding-top:40px;padding-right:0px;padding-bottom:40px;padding-left:0px;grid-template-columns:minmax(0, 1fr);}}<\/style><div class=\"kb-row-layout-wrap kb-row-layout-id747_f434b6-ac alignnone has-theme-palette7-background-color kt-row-has-bg wp-block-kadence-rowlayout\"><div class=\"kt-row-column-wrap kt-has-1-columns kt-row-layout-equal kt-tab-layout-inherit kt-mobile-layout-row kt-row-valign-top kb-theme-content-width\">\n<style>.kadence-column747_f59ba2-30 > .kt-inside-inner-col,.kadence-column747_f59ba2-30 > .kt-inside-inner-col:before{border-top-left-radius:0px;border-top-right-radius:0px;border-bottom-right-radius:0px;border-bottom-left-radius:0px;}.kadence-column747_f59ba2-30 > .kt-inside-inner-col{column-gap:var(--global-kb-gap-sm, 1rem);}.kadence-column747_f59ba2-30 > .kt-inside-inner-col{flex-direction:column;}.kadence-column747_f59ba2-30 > .kt-inside-inner-col > .aligncenter{width:100%;}.kadence-column747_f59ba2-30 > .kt-inside-inner-col:before{opacity:0.3;}.kadence-column747_f59ba2-30{position:relative;}@media all and (max-width: 1024px){.kadence-column747_f59ba2-30 > .kt-inside-inner-col{flex-direction:column;justify-content:center;}}@media all and (max-width: 767px){.kadence-column747_f59ba2-30 > .kt-inside-inner-col{padding-right:10px;padding-left:10px;flex-direction:column;justify-content:center;}.kadence-column747_f59ba2-30, .kt-inside-inner-col > .kadence-column747_f59ba2-30:not(.specificity){margin-top:0px;margin-right:0px;margin-bottom:0px;margin-left:0px;}}<\/style>\n<div class=\"wp-block-kadence-column kadence-column747_f59ba2-30 inner-column-1\"><div class=\"kt-inside-inner-col\"><style>.kb-row-layout-wrap.wp-block-kadence-rowlayout.kb-row-layout-id747_26c69f-2e{margin-top:0px;margin-bottom:0px;}.kb-row-layout-id747_26c69f-2e > .kt-row-column-wrap{align-content:start;}:where(.kb-row-layout-id747_26c69f-2e > .kt-row-column-wrap) > .wp-block-kadence-column{justify-content:start;}.kb-row-layout-id747_26c69f-2e > .kt-row-column-wrap{column-gap:var(--global-kb-gap-md, 2rem);row-gap:var(--global-kb-gap-md, 2rem);max-width:700px;margin-left:auto;margin-right:auto;padding-top:0px;padding-bottom:20px;grid-template-columns:minmax(0, 1fr);}.kb-row-layout-id747_26c69f-2e > .kt-row-layout-overlay{opacity:0.30;}@media all and (max-width: 1024px){.kb-row-layout-id747_26c69f-2e > .kt-row-column-wrap{grid-template-columns:minmax(0, 1fr);}}@media all and (max-width: 767px){.kb-row-layout-id747_26c69f-2e > .kt-row-column-wrap{grid-template-columns:minmax(0, 1fr);}}<\/style><div class=\"kb-row-layout-wrap kb-row-layout-id747_26c69f-2e alignnone wp-block-kadence-rowlayout\"><div class=\"kt-row-column-wrap kt-has-1-columns kt-row-layout-equal kt-tab-layout-inherit kt-mobile-layout-row kt-row-valign-top\">\n<style>.kadence-column747_6e9f2c-01 > .kt-inside-inner-col{padding-top:0px;padding-right:0px;padding-bottom:0px;padding-left:0px;}.kadence-column747_6e9f2c-01 > .kt-inside-inner-col,.kadence-column747_6e9f2c-01 > .kt-inside-inner-col:before{border-top-left-radius:0px;border-top-right-radius:0px;border-bottom-right-radius:0px;border-bottom-left-radius:0px;}.kadence-column747_6e9f2c-01 > .kt-inside-inner-col{column-gap:var(--global-kb-gap-sm, 1rem);}.kadence-column747_6e9f2c-01 > .kt-inside-inner-col{flex-direction:column;}.kadence-column747_6e9f2c-01 > .kt-inside-inner-col > .aligncenter{width:100%;}.kadence-column747_6e9f2c-01 > .kt-inside-inner-col:before{opacity:0.3;}.kadence-column747_6e9f2c-01{position:relative;}.kadence-column747_6e9f2c-01, .kt-inside-inner-col > .kadence-column747_6e9f2c-01:not(.specificity){margin-top:0px;margin-right:0px;margin-bottom:0px;margin-left:0px;}@media all and (max-width: 1024px){.kadence-column747_6e9f2c-01 > .kt-inside-inner-col{flex-direction:column;justify-content:center;}}@media all and (max-width: 767px){.kadence-column747_6e9f2c-01 > .kt-inside-inner-col{padding-right:20px;padding-left:20px;flex-direction:column;justify-content:center;}}<\/style>\n<div class=\"wp-block-kadence-column kadence-column747_6e9f2c-01 inner-column-1\"><div class=\"kt-inside-inner-col\"><style>.wp-block-kadence-advancedheading.kt-adv-heading747_fa38bf-3c, .wp-block-kadence-advancedheading.kt-adv-heading747_fa38bf-3c[data-kb-block=\"kb-adv-heading747_fa38bf-3c\"]{padding-top:0px;padding-right:0px;padding-bottom:0px;padding-left:0px;margin-top:0px;margin-right:0px;margin-bottom:0px;margin-left:0px;text-align:center;font-size:var(--global-kb-font-size-sm, 0.9rem);font-weight:400;font-style:normal;font-family:var( --global-body-font-family, inherit );text-transform:uppercase;letter-spacing:1px;}.wp-block-kadence-advancedheading.kt-adv-heading747_fa38bf-3c mark.kt-highlight, .wp-block-kadence-advancedheading.kt-adv-heading747_fa38bf-3c[data-kb-block=\"kb-adv-heading747_fa38bf-3c\"] mark.kt-highlight{font-style:normal;color:#f76a0c;-webkit-box-decoration-break:clone;box-decoration-break:clone;padding-top:0px;padding-right:0px;padding-bottom:0px;padding-left:0px;}.wp-block-kadence-advancedheading.kt-adv-heading747_fa38bf-3c img.kb-inline-image, .wp-block-kadence-advancedheading.kt-adv-heading747_fa38bf-3c[data-kb-block=\"kb-adv-heading747_fa38bf-3c\"] img.kb-inline-image{width:150px;vertical-align:baseline;}@media all and (max-width: 1024px){.wp-block-kadence-advancedheading.kt-adv-heading747_fa38bf-3c, .wp-block-kadence-advancedheading.kt-adv-heading747_fa38bf-3c[data-kb-block=\"kb-adv-heading747_fa38bf-3c\"]{text-align:center!important;}}@media all and (max-width: 767px){.wp-block-kadence-advancedheading.kt-adv-heading747_fa38bf-3c, .wp-block-kadence-advancedheading.kt-adv-heading747_fa38bf-3c[data-kb-block=\"kb-adv-heading747_fa38bf-3c\"]{margin-top:0px;margin-right:0px;margin-bottom:0px;margin-left:0px;text-align:center!important;}}<\/style>\n<p class=\"kt-adv-heading747_fa38bf-3c wp-block-kadence-advancedheading has-theme-palette-2-color has-text-color\" data-kb-block=\"kb-adv-heading747_fa38bf-3c\"><strong><strong><strong>La galerie<\/strong><\/strong><\/strong><\/p>\n\n\n<style>.wp-block-kadence-advancedheading.kt-adv-heading747_9d5d97-9e, .wp-block-kadence-advancedheading.kt-adv-heading747_9d5d97-9e[data-kb-block=\"kb-adv-heading747_9d5d97-9e\"]{padding-top:0px;padding-right:0px;padding-bottom:var(--global-kb-spacing-xs, 1rem);padding-left:0px;margin-top:0px;margin-right:0px;margin-bottom:0px;margin-left:0px;text-align:center;font-size:var(--global-kb-font-size-lg, 2rem);font-weight:600;font-style:normal;font-family:var( --global-heading-font-family, inherit );text-transform:none;}.wp-block-kadence-advancedheading.kt-adv-heading747_9d5d97-9e mark.kt-highlight, .wp-block-kadence-advancedheading.kt-adv-heading747_9d5d97-9e[data-kb-block=\"kb-adv-heading747_9d5d97-9e\"] mark.kt-highlight{font-style:normal;color:#f76a0c;-webkit-box-decoration-break:clone;box-decoration-break:clone;padding-top:0px;padding-right:0px;padding-bottom:0px;padding-left:0px;}.wp-block-kadence-advancedheading.kt-adv-heading747_9d5d97-9e img.kb-inline-image, .wp-block-kadence-advancedheading.kt-adv-heading747_9d5d97-9e[data-kb-block=\"kb-adv-heading747_9d5d97-9e\"] img.kb-inline-image{width:150px;vertical-align:baseline;}@media all and (max-width: 1024px){.wp-block-kadence-advancedheading.kt-adv-heading747_9d5d97-9e, .wp-block-kadence-advancedheading.kt-adv-heading747_9d5d97-9e[data-kb-block=\"kb-adv-heading747_9d5d97-9e\"]{text-align:center!important;}}@media all and (max-width: 767px){.wp-block-kadence-advancedheading.kt-adv-heading747_9d5d97-9e, .wp-block-kadence-advancedheading.kt-adv-heading747_9d5d97-9e[data-kb-block=\"kb-adv-heading747_9d5d97-9e\"]{padding-top:0px;padding-right:0px;padding-bottom:0px;padding-left:0px;margin-right:0px;margin-left:0px;text-align:center!important;}}<\/style>\n<h1 class=\"kt-adv-heading747_9d5d97-9e wp-block-kadence-advancedheading has-theme-palette-3-color has-text-color\" data-kb-block=\"kb-adv-heading747_9d5d97-9e\">Galerie photos du CAMP&rsquo;in POSES<\/h1>\n\n\n<style>.wp-block-kadence-advancedheading.kt-adv-heading747_ba5a1c-c7, .wp-block-kadence-advancedheading.kt-adv-heading747_ba5a1c-c7[data-kb-block=\"kb-adv-heading747_ba5a1c-c7\"]{display:block;padding-top:0px;padding-right:0px;padding-bottom:var(--global-kb-spacing-xs, 1rem);padding-left:0px;margin-top:0px;margin-right:0px;margin-bottom:0px;margin-left:0px;text-align:center;font-style:normal;text-transform:none;}.wp-block-kadence-advancedheading.kt-adv-heading747_ba5a1c-c7 mark.kt-highlight, .wp-block-kadence-advancedheading.kt-adv-heading747_ba5a1c-c7[data-kb-block=\"kb-adv-heading747_ba5a1c-c7\"] mark.kt-highlight{font-style:normal;color:#f76a0c;-webkit-box-decoration-break:clone;box-decoration-break:clone;padding-top:0px;padding-right:0px;padding-bottom:0px;padding-left:0px;}.wp-block-kadence-advancedheading.kt-adv-heading747_ba5a1c-c7 img.kb-inline-image, .wp-block-kadence-advancedheading.kt-adv-heading747_ba5a1c-c7[data-kb-block=\"kb-adv-heading747_ba5a1c-c7\"] img.kb-inline-image{width:150px;vertical-align:baseline;}@media all and (max-width: 1024px){.wp-block-kadence-advancedheading.kt-adv-heading747_ba5a1c-c7, .wp-block-kadence-advancedheading.kt-adv-heading747_ba5a1c-c7[data-kb-block=\"kb-adv-heading747_ba5a1c-c7\"]{text-align:center!important;}}@media all and (max-width: 767px){.wp-block-kadence-advancedheading.kt-adv-heading747_ba5a1c-c7, .wp-block-kadence-advancedheading.kt-adv-heading747_ba5a1c-c7[data-kb-block=\"kb-adv-heading747_ba5a1c-c7\"]{padding-top:0px;padding-right:0px;padding-bottom:0px;padding-left:0px;margin-right:0px;margin-left:0px;text-align:center!important;}}<\/style>\n<span class=\"kt-adv-heading747_ba5a1c-c7 wp-block-kadence-advancedheading has-theme-palette-3-color has-text-color\" data-kb-block=\"kb-adv-heading747_ba5a1c-c7\">Plongez dans l&rsquo;ambiance du CAMP&rsquo;in POSES \u00e0 travers notre galerie photos. D\u00e9couvrez nos h\u00e9bergements, nos installations, les activit\u00e9s propos\u00e9es et le cadre naturel exceptionnel de notre camping 3 \u00e9toiles situ\u00e9 face \u00e0 la base de loisirs de L\u00e9ry-Poses.<br><\/span>\n<\/div><\/div>\n\n<\/div><\/div>\n\n<style>.kb-gallery-id-747_c6f106-27 .kadence-blocks-gallery-item .kb-gal-image-radius, .kb-gallery-id-747_c6f106-27 .kb-slide-item .kb-gal-image-radius img{border-radius:0px 0px 0px 0px;;}.kb-gallery-wrap-id-747_c6f106-27 .kb-gallery-ul.kb-gallery-type-mosaic .grid-pattern-container{grid-auto-rows:150px;grid-gap:10px;gap:10px;}<\/style><div class=\"kb-gallery-wrap-id-747_c6f106-27 alignnone wp-block-kadence-advancedgallery\"><div class=\"kb-gallery-ul kb-gallery-non-static kb-gallery-type-mosaic kb-gallery-id-747_c6f106-27 kb-gallery-caption-style-bottom-hover kb-gallery-filter-none\" data-image-filter=\"none\" data-lightbox-caption=\"true\"kb-mosaic-gallery grid-pattern-gallery\"><div class=\"grid-pattern-container\"><div class=\"kadence-blocks-gallery-item grid-item-wide\"><div class=\"kadence-blocks-gallery-item\" tabindex=\"0\"><div class=\"kadence-blocks-gallery-item-inner\"><figure class=\"kb-gallery-figure kadence-blocks-gallery-item-hide-caption\"><div class=\"kb-gal-image-radius\"><div class=\"kb-gallery-image-contain kadence-blocks-gallery-intrinsic\" ><img loading=\"lazy\" decoding=\"async\" src=\"https:\/\/camp-in-poses.com\/wp-content\/uploads\/2026\/02\/VUE-DEUX-AMANTS\u00a9Seine-Eure-tourisme-1-1024x768.jpg\" width=\"1024\" height=\"768\" alt=\"\" data-full-image=\"https:\/\/camp-in-poses.com\/wp-content\/uploads\/2026\/02\/VUE-DEUX-AMANTS\u00a9Seine-Eure-tourisme-1.jpg\" data-light-image=\"https:\/\/camp-in-poses.com\/wp-content\/uploads\/2026\/02\/VUE-DEUX-AMANTS\u00a9Seine-Eure-tourisme-1.jpg\" data-id=\"2061\" class=\"wp-image-2061\" srcset=\"https:\/\/camp-in-poses.com\/wp-content\/uploads\/2026\/02\/VUE-DEUX-AMANTS\u00a9Seine-Eure-tourisme-1-1024x768.jpg 1024w, https:\/\/camp-in-poses.com\/wp-content\/uploads\/2026\/02\/VUE-DEUX-AMANTS\u00a9Seine-Eure-tourisme-1-300x225.jpg 300w, https:\/\/camp-in-poses.com\/wp-content\/uploads\/2026\/02\/VUE-DEUX-AMANTS\u00a9Seine-Eure-tourisme-1-768x576.jpg 768w, https:\/\/camp-in-poses.com\/wp-content\/uploads\/2026\/02\/VUE-DEUX-AMANTS\u00a9Seine-Eure-tourisme-1-1536x1152.jpg 1536w, https:\/\/camp-in-poses.com\/wp-content\/uploads\/2026\/02\/VUE-DEUX-AMANTS\u00a9Seine-Eure-tourisme-1-16x12.jpg 16w, https:\/\/camp-in-poses.com\/wp-content\/uploads\/2026\/02\/VUE-DEUX-AMANTS\u00a9Seine-Eure-tourisme-1.jpg 1920w\" sizes=\"auto, (max-width: 1024px) 100vw, 1024px\" \/><\/div><\/div><\/figure><\/div><\/div><\/div><div class=\"kadence-blocks-gallery-item grid-item-large\"><div class=\"kadence-blocks-gallery-item\" tabindex=\"0\"><div class=\"kadence-blocks-gallery-item-inner\"><figure class=\"kb-gallery-figure kadence-blocks-gallery-item-hide-caption\"><div class=\"kb-gal-image-radius\"><div class=\"kb-gallery-image-contain kadence-blocks-gallery-intrinsic\" ><img loading=\"lazy\" decoding=\"async\" src=\"https:\/\/camp-in-poses.com\/wp-content\/uploads\/2026\/02\/vente-a-emporter.jpg\" width=\"640\" height=\"480\" alt=\"\" data-full-image=\"https:\/\/camp-in-poses.com\/wp-content\/uploads\/2026\/02\/vente-a-emporter.jpg\" data-light-image=\"https:\/\/camp-in-poses.com\/wp-content\/uploads\/2026\/02\/vente-a-emporter.jpg\" data-id=\"2060\" class=\"wp-image-2060\" srcset=\"https:\/\/camp-in-poses.com\/wp-content\/uploads\/2026\/02\/vente-a-emporter.jpg 640w, https:\/\/camp-in-poses.com\/wp-content\/uploads\/2026\/02\/vente-a-emporter-300x225.jpg 300w, https:\/\/camp-in-poses.com\/wp-content\/uploads\/2026\/02\/vente-a-emporter-16x12.jpg 16w\" sizes=\"auto, (max-width: 640px) 100vw, 640px\" \/><\/div><\/div><\/figure><\/div><\/div><\/div><div class=\"kadence-blocks-gallery-item grid-item-tall\"><div class=\"kadence-blocks-gallery-item\" tabindex=\"0\"><div class=\"kadence-blocks-gallery-item-inner\"><figure class=\"kb-gallery-figure kadence-blocks-gallery-item-hide-caption\"><div class=\"kb-gal-image-radius\"><div class=\"kb-gallery-image-contain kadence-blocks-gallery-intrinsic\" ><img loading=\"lazy\" decoding=\"async\" src=\"https:\/\/camp-in-poses.com\/wp-content\/uploads\/2026\/02\/velobarrage\u00a9normandie-photo.com_-1-1024x681.jpg\" width=\"1024\" height=\"681\" alt=\"\" data-full-image=\"https:\/\/camp-in-poses.com\/wp-content\/uploads\/2026\/02\/velobarrage\u00a9normandie-photo.com_-1-scaled.jpg\" data-light-image=\"https:\/\/camp-in-poses.com\/wp-content\/uploads\/2026\/02\/velobarrage\u00a9normandie-photo.com_-1-scaled.jpg\" data-id=\"2059\" class=\"wp-image-2059\" srcset=\"https:\/\/camp-in-poses.com\/wp-content\/uploads\/2026\/02\/velobarrage\u00a9normandie-photo.com_-1-1024x681.jpg 1024w, https:\/\/camp-in-poses.com\/wp-content\/uploads\/2026\/02\/velobarrage\u00a9normandie-photo.com_-1-300x200.jpg 300w, https:\/\/camp-in-poses.com\/wp-content\/uploads\/2026\/02\/velobarrage\u00a9normandie-photo.com_-1-768x511.jpg 768w, https:\/\/camp-in-poses.com\/wp-content\/uploads\/2026\/02\/velobarrage\u00a9normandie-photo.com_-1-1536x1022.jpg 1536w, https:\/\/camp-in-poses.com\/wp-content\/uploads\/2026\/02\/velobarrage\u00a9normandie-photo.com_-1-2048x1363.jpg 2048w, https:\/\/camp-in-poses.com\/wp-content\/uploads\/2026\/02\/velobarrage\u00a9normandie-photo.com_-1-18x12.jpg 18w\" sizes=\"auto, (max-width: 1024px) 100vw, 1024px\" \/><\/div><\/div><\/figure><\/div><\/div><\/div><div class=\"kadence-blocks-gallery-item grid-item-small\"><div class=\"kadence-blocks-gallery-item\" tabindex=\"0\"><div class=\"kadence-blocks-gallery-item-inner\"><figure class=\"kb-gallery-figure kadence-blocks-gallery-item-hide-caption\"><div class=\"kb-gal-image-radius\"><div class=\"kb-gallery-image-contain kadence-blocks-gallery-intrinsic\" ><img loading=\"lazy\" decoding=\"async\" src=\"https:\/\/camp-in-poses.com\/wp-content\/uploads\/2026\/02\/terrasse-snack-bar.jpg\" width=\"640\" height=\"480\" alt=\"\" data-full-image=\"https:\/\/camp-in-poses.com\/wp-content\/uploads\/2026\/02\/terrasse-snack-bar.jpg\" data-light-image=\"https:\/\/camp-in-poses.com\/wp-content\/uploads\/2026\/02\/terrasse-snack-bar.jpg\" data-id=\"2058\" class=\"wp-image-2058\" srcset=\"https:\/\/camp-in-poses.com\/wp-content\/uploads\/2026\/02\/terrasse-snack-bar.jpg 640w, https:\/\/camp-in-poses.com\/wp-content\/uploads\/2026\/02\/terrasse-snack-bar-300x225.jpg 300w, https:\/\/camp-in-poses.com\/wp-content\/uploads\/2026\/02\/terrasse-snack-bar-16x12.jpg 16w\" sizes=\"auto, (max-width: 640px) 100vw, 640px\" \/><\/div><\/div><\/figure><\/div><\/div><\/div><div class=\"kadence-blocks-gallery-item grid-item-large\"><div class=\"kadence-blocks-gallery-item\" tabindex=\"0\"><div class=\"kadence-blocks-gallery-item-inner\"><figure class=\"kb-gallery-figure kadence-blocks-gallery-item-hide-caption\"><div class=\"kb-gal-image-radius\"><div class=\"kb-gallery-image-contain kadence-blocks-gallery-intrinsic\" ><img loading=\"lazy\" decoding=\"async\" src=\"https:\/\/camp-in-poses.com\/wp-content\/uploads\/2026\/02\/terrain-de-boules.jpg\" width=\"640\" height=\"481\" alt=\"\" data-full-image=\"https:\/\/camp-in-poses.com\/wp-content\/uploads\/2026\/02\/terrain-de-boules.jpg\" data-light-image=\"https:\/\/camp-in-poses.com\/wp-content\/uploads\/2026\/02\/terrain-de-boules.jpg\" data-id=\"2057\" class=\"wp-image-2057\" srcset=\"https:\/\/camp-in-poses.com\/wp-content\/uploads\/2026\/02\/terrain-de-boules.jpg 640w, https:\/\/camp-in-poses.com\/wp-content\/uploads\/2026\/02\/terrain-de-boules-300x225.jpg 300w, https:\/\/camp-in-poses.com\/wp-content\/uploads\/2026\/02\/terrain-de-boules-16x12.jpg 16w\" sizes=\"auto, (max-width: 640px) 100vw, 640px\" \/><\/div><\/div><\/figure><\/div><\/div><\/div><div class=\"kadence-blocks-gallery-item grid-item-small\"><div class=\"kadence-blocks-gallery-item\" tabindex=\"0\"><div class=\"kadence-blocks-gallery-item-inner\"><figure class=\"kb-gallery-figure kadence-blocks-gallery-item-hide-caption\"><div class=\"kb-gal-image-radius\"><div class=\"kb-gallery-image-contain kadence-blocks-gallery-intrinsic\" ><img loading=\"lazy\" decoding=\"async\" src=\"https:\/\/camp-in-poses.com\/wp-content\/uploads\/2026\/02\/tente-sur-pilotis-moorea-1024x717.jpg\" width=\"1024\" height=\"717\" alt=\"\" data-full-image=\"https:\/\/camp-in-poses.com\/wp-content\/uploads\/2026\/02\/tente-sur-pilotis-moorea.jpg\" data-light-image=\"https:\/\/camp-in-poses.com\/wp-content\/uploads\/2026\/02\/tente-sur-pilotis-moorea.jpg\" data-id=\"2056\" class=\"wp-image-2056\" srcset=\"https:\/\/camp-in-poses.com\/wp-content\/uploads\/2026\/02\/tente-sur-pilotis-moorea-1024x717.jpg 1024w, https:\/\/camp-in-poses.com\/wp-content\/uploads\/2026\/02\/tente-sur-pilotis-moorea-300x210.jpg 300w, https:\/\/camp-in-poses.com\/wp-content\/uploads\/2026\/02\/tente-sur-pilotis-moorea-768x537.jpg 768w, https:\/\/camp-in-poses.com\/wp-content\/uploads\/2026\/02\/tente-sur-pilotis-moorea-18x12.jpg 18w, https:\/\/camp-in-poses.com\/wp-content\/uploads\/2026\/02\/tente-sur-pilotis-moorea.jpg 1512w\" sizes=\"auto, (max-width: 1024px) 100vw, 1024px\" \/><\/div><\/div><\/figure><\/div><\/div><\/div><div class=\"kadence-blocks-gallery-item grid-item-small\"><div class=\"kadence-blocks-gallery-item\" tabindex=\"0\"><div class=\"kadence-blocks-gallery-item-inner\"><figure class=\"kb-gallery-figure kadence-blocks-gallery-item-hide-caption\"><div class=\"kb-gal-image-radius\"><div class=\"kb-gallery-image-contain kadence-blocks-gallery-intrinsic\" ><img loading=\"lazy\" decoding=\"async\" src=\"https:\/\/camp-in-poses.com\/wp-content\/uploads\/2026\/02\/tente-attenante-au-bar.jpg\" width=\"938\" height=\"625\" alt=\"\" data-full-image=\"https:\/\/camp-in-poses.com\/wp-content\/uploads\/2026\/02\/tente-attenante-au-bar.jpg\" data-light-image=\"https:\/\/camp-in-poses.com\/wp-content\/uploads\/2026\/02\/tente-attenante-au-bar.jpg\" data-id=\"2055\" class=\"wp-image-2055\" srcset=\"https:\/\/camp-in-poses.com\/wp-content\/uploads\/2026\/02\/tente-attenante-au-bar.jpg 938w, https:\/\/camp-in-poses.com\/wp-content\/uploads\/2026\/02\/tente-attenante-au-bar-300x200.jpg 300w, https:\/\/camp-in-poses.com\/wp-content\/uploads\/2026\/02\/tente-attenante-au-bar-768x512.jpg 768w, https:\/\/camp-in-poses.com\/wp-content\/uploads\/2026\/02\/tente-attenante-au-bar-18x12.jpg 18w\" sizes=\"auto, (max-width: 938px) 100vw, 938px\" \/><\/div><\/div><\/figure><\/div><\/div><\/div><div class=\"kadence-blocks-gallery-item grid-item-small\"><div class=\"kadence-blocks-gallery-item\" tabindex=\"0\"><div class=\"kadence-blocks-gallery-item-inner\"><figure class=\"kb-gallery-figure kadence-blocks-gallery-item-hide-caption\"><div class=\"kb-gal-image-radius\"><div class=\"kb-gallery-image-contain kadence-blocks-gallery-intrinsic\" ><img loading=\"lazy\" decoding=\"async\" src=\"https:\/\/camp-in-poses.com\/wp-content\/uploads\/2026\/02\/teleski3lacs3\u00a9normandie-photo.com_-1-1024x680.jpg\" width=\"1024\" height=\"680\" alt=\"\" data-full-image=\"https:\/\/camp-in-poses.com\/wp-content\/uploads\/2026\/02\/teleski3lacs3\u00a9normandie-photo.com_-1-scaled.jpg\" data-light-image=\"https:\/\/camp-in-poses.com\/wp-content\/uploads\/2026\/02\/teleski3lacs3\u00a9normandie-photo.com_-1-scaled.jpg\" data-id=\"2054\" class=\"wp-image-2054\" srcset=\"https:\/\/camp-in-poses.com\/wp-content\/uploads\/2026\/02\/teleski3lacs3\u00a9normandie-photo.com_-1-1024x680.jpg 1024w, https:\/\/camp-in-poses.com\/wp-content\/uploads\/2026\/02\/teleski3lacs3\u00a9normandie-photo.com_-1-300x199.jpg 300w, https:\/\/camp-in-poses.com\/wp-content\/uploads\/2026\/02\/teleski3lacs3\u00a9normandie-photo.com_-1-768x510.jpg 768w, https:\/\/camp-in-poses.com\/wp-content\/uploads\/2026\/02\/teleski3lacs3\u00a9normandie-photo.com_-1-1536x1020.jpg 1536w, https:\/\/camp-in-poses.com\/wp-content\/uploads\/2026\/02\/teleski3lacs3\u00a9normandie-photo.com_-1-2048x1360.jpg 2048w, https:\/\/camp-in-poses.com\/wp-content\/uploads\/2026\/02\/teleski3lacs3\u00a9normandie-photo.com_-1-18x12.jpg 18w\" sizes=\"auto, (max-width: 1024px) 100vw, 1024px\" \/><\/div><\/div><\/figure><\/div><\/div><\/div><div class=\"kadence-blocks-gallery-item grid-item-wide only-one\"><div class=\"kadence-blocks-gallery-item\" tabindex=\"0\"><div class=\"kadence-blocks-gallery-item-inner\"><figure class=\"kb-gallery-figure kadence-blocks-gallery-item-hide-caption\"><div class=\"kb-gal-image-radius\"><div class=\"kb-gallery-image-contain kadence-blocks-gallery-intrinsic\" ><img loading=\"lazy\" decoding=\"async\" src=\"https:\/\/camp-in-poses.com\/wp-content\/uploads\/2026\/02\/teleski3lacs\u00a9normandie-photo.com_-1-1024x681.jpg\" width=\"1024\" height=\"681\" alt=\"\" data-full-image=\"https:\/\/camp-in-poses.com\/wp-content\/uploads\/2026\/02\/teleski3lacs\u00a9normandie-photo.com_-1-scaled.jpg\" data-light-image=\"https:\/\/camp-in-poses.com\/wp-content\/uploads\/2026\/02\/teleski3lacs\u00a9normandie-photo.com_-1-scaled.jpg\" data-id=\"2053\" class=\"wp-image-2053\" srcset=\"https:\/\/camp-in-poses.com\/wp-content\/uploads\/2026\/02\/teleski3lacs\u00a9normandie-photo.com_-1-1024x681.jpg 1024w, https:\/\/camp-in-poses.com\/wp-content\/uploads\/2026\/02\/teleski3lacs\u00a9normandie-photo.com_-1-300x200.jpg 300w, https:\/\/camp-in-poses.com\/wp-content\/uploads\/2026\/02\/teleski3lacs\u00a9normandie-photo.com_-1-768x511.jpg 768w, https:\/\/camp-in-poses.com\/wp-content\/uploads\/2026\/02\/teleski3lacs\u00a9normandie-photo.com_-1-1536x1022.jpg 1536w, https:\/\/camp-in-poses.com\/wp-content\/uploads\/2026\/02\/teleski3lacs\u00a9normandie-photo.com_-1-2048x1363.jpg 2048w, https:\/\/camp-in-poses.com\/wp-content\/uploads\/2026\/02\/teleski3lacs\u00a9normandie-photo.com_-1-18x12.jpg 18w\" sizes=\"auto, (max-width: 1024px) 100vw, 1024px\" \/><\/div><\/div><\/figure><\/div><\/div><\/div><\/div><\/div><\/div><\/div><\/div>\n\n<\/div><\/div>","protected":false},"excerpt":{"rendered":"<p>La galerie Galerie photos du CAMP&rsquo;in POSES Plongez dans l&rsquo;ambiance du CAMP&rsquo;in POSES \u00e0 travers notre galerie photos. D\u00e9couvrez nos h\u00e9bergements, nos installations, les activit\u00e9s propos\u00e9es et le cadre naturel exceptionnel de notre camping 3 \u00e9toiles situ\u00e9 face \u00e0 la base de loisirs de L\u00e9ry-Poses.<\/p>","protected":false},"author":5,"featured_media":2023,"parent":0,"menu_order":0,"comment_status":"closed","ping_status":"closed","template":"","meta":{"_acf_changed":false,"_kad_blocks_custom_css":"","_kad_blocks_head_custom_js":"","_kad_blocks_body_custom_js":"","_kad_blocks_footer_custom_js":"","_kad_post_transparent":"","_kad_post_title":"","_kad_post_layout":"","_kad_post_sidebar_id":"","_kad_post_content_style":"","_kad_post_vertical_padding":"","_kad_post_feature":"","_kad_post_feature_position":"","_kad_post_header":false,"_kad_post_footer":false,"_kad_post_classname":"","footnotes":""},"folder":[],"class_list":["post-747","page","type-page","status-publish","has-post-thumbnail","hentry"],"acf":[],"taxonomy_info":[],"featured_image_src_large":["https:\/\/camp-in-poses.com\/wp-content\/uploads\/2026\/02\/panoramagolf3lacs\u00a9altivolus.fr_-1-1024x570.jpg",1024,570,true],"author_info":{"display_name":"Apollo Studio","author_link":"https:\/\/camp-in-poses.com\/en\/author\/apollo-studio\/"},"comment_info":0,"_links":{"self":[{"href":"https:\/\/camp-in-poses.com\/en\/wp-json\/wp\/v2\/pages\/747","targetHints":{"allow":["GET"]}}],"collection":[{"href":"https:\/\/camp-in-poses.com\/en\/wp-json\/wp\/v2\/pages"}],"about":[{"href":"https:\/\/camp-in-poses.com\/en\/wp-json\/wp\/v2\/types\/page"}],"author":[{"embeddable":true,"href":"https:\/\/camp-in-poses.com\/en\/wp-json\/wp\/v2\/users\/5"}],"replies":[{"embeddable":true,"href":"https:\/\/camp-in-poses.com\/en\/wp-json\/wp\/v2\/comments?post=747"}],"version-history":[{"count":6,"href":"https:\/\/camp-in-poses.com\/en\/wp-json\/wp\/v2\/pages\/747\/revisions"}],"predecessor-version":[{"id":2566,"href":"https:\/\/camp-in-poses.com\/en\/wp-json\/wp\/v2\/pages\/747\/revisions\/2566"}],"wp:featuredmedia":[{"embeddable":true,"href":"https:\/\/camp-in-poses.com\/en\/wp-json\/wp\/v2\/media\/2023"}],"wp:attachment":[{"href":"https:\/\/camp-in-poses.com\/en\/wp-json\/wp\/v2\/media?parent=747"}],"wp:term":[{"taxonomy":"folder","embeddable":true,"href":"https:\/\/camp-in-poses.com\/en\/wp-json\/wp\/v2\/folder?post=747"}],"curies":[{"name":"wp","href":"https:\/\/api.w.org\/{rel}","templated":true}]}}