{"id":1732,"date":"2026-01-29T14:21:45","date_gmt":"2026-01-29T14:21:45","guid":{"rendered":"https:\/\/camp-in-poses.com\/?page_id=1732"},"modified":"2026-03-10T15:56:50","modified_gmt":"2026-03-10T15:56:50","slug":"rechtliche-hinweise","status":"publish","type":"page","link":"https:\/\/camp-in-poses.com\/de\/mentions-legales\/","title":{"rendered":"Rechtliche Hinweise"},"content":{"rendered":"<style>.kb-row-layout-id1732_e98317-fb > .kt-row-column-wrap{align-content:start;}:where(.kb-row-layout-id1732_e98317-fb > .kt-row-column-wrap) > .wp-block-kadence-column{justify-content:start;}.kb-row-layout-id1732_e98317-fb > .kt-row-column-wrap{column-gap:var(--global-kb-gap-md, 2rem);row-gap:var(--global-kb-gap-md, 2rem);max-width:var( --global-content-width, 1290px );padding-left:var(--global-content-edge-padding);padding-right:var(--global-content-edge-padding);padding-top:var(--global-kb-spacing-sm, 1.5rem);padding-bottom:var(--global-kb-spacing-sm, 1.5rem);grid-template-columns:minmax(0, 1fr);}.kb-row-layout-id1732_e98317-fb > .kt-row-layout-overlay{opacity:0.30;}@media all and (max-width: 1024px){.kb-row-layout-id1732_e98317-fb > .kt-row-column-wrap{grid-template-columns:minmax(0, 1fr);}}@media all and (max-width: 767px){.kb-row-layout-id1732_e98317-fb > .kt-row-column-wrap{grid-template-columns:minmax(0, 1fr);}}<\/style><div class=\"kb-row-layout-wrap kb-row-layout-id1732_e98317-fb alignnone wp-block-kadence-rowlayout\"><div class=\"kt-row-column-wrap kt-has-1-columns kt-row-layout-equal kt-tab-layout-inherit kt-mobile-layout-row kt-row-valign-top kb-theme-content-width\">\n<style>.kadence-column1732_17d20f-da > .kt-inside-inner-col,.kadence-column1732_17d20f-da > .kt-inside-inner-col:before{border-top-left-radius:0px;border-top-right-radius:0px;border-bottom-right-radius:0px;border-bottom-left-radius:0px;}.kadence-column1732_17d20f-da > .kt-inside-inner-col{column-gap:var(--global-kb-gap-sm, 1rem);}.kadence-column1732_17d20f-da > .kt-inside-inner-col{flex-direction:column;}.kadence-column1732_17d20f-da > .kt-inside-inner-col > .aligncenter{width:100%;}.kadence-column1732_17d20f-da > .kt-inside-inner-col:before{opacity:0.3;}.kadence-column1732_17d20f-da{position:relative;}@media all and (max-width: 1024px){.kadence-column1732_17d20f-da > .kt-inside-inner-col{flex-direction:column;justify-content:center;}}@media all and (max-width: 767px){.kadence-column1732_17d20f-da > .kt-inside-inner-col{flex-direction:column;justify-content:center;}}<\/style>\n<div class=\"wp-block-kadence-column kadence-column1732_17d20f-da\"><div class=\"kt-inside-inner-col\">\n<h1 class=\"wp-block-heading\">RECHTLICHE HINWEISE<\/h1>\n\n\n\n<p>Aktualisiert: 10\/03\/2026<\/p>\n\n\n\n<p>Diese Website ist unter der folgenden Adresse zug\u00e4nglich:<br>https:\/\/camp-in-poses.com\/<br>(die \u201cPlattform\u201d oder die \u201cSeite\u201d).<\/p>\n\n\n\n<p><strong>HERAUSGEBER DER WEBSITE<\/strong><\/p>\n\n\n\n<p><strong>Juristische Person<br><\/strong>Name der Gesellschaft: SARL LES FLOTS DE LA SEINE<br>Rechtsform: SARL<br>Stammkapital: 10.000,00 \u20ac<br>Hauptsitz: RUE DES MASURES, 27740 POSES<br>Eintragung (RCS \/ RM): 522 152 610 R.C.S. Evreux<br>SIRET: 52215261000013<br>Umsatzsteuer-Identifikationsnummer: FR89522152610<br>Telefon: 0<a href=\"tel:+33232254533\" target=\"_blank\" rel=\"noreferrer noopener\">2 32 25 45 33<\/a><br>E-Mail: <a href=\"mailto:contact@camp-in-poses.com\" target=\"_blank\" rel=\"noreferrer noopener\">contact@camp-in-poses.com<\/a><\/p>\n\n\n\n<p><strong>PUBLIKATIONSLEITER<br><\/strong>Leiter der Ver\u00f6ffentlichung: Audrey GRANGE<br>Kontakt: <a href=\"mailto:contact@camp-in-poses.com\" target=\"_blank\" rel=\"noreferrer noopener\">contact@camp-in-poses.com<\/a><\/p>\n\n\n\n<p><strong>HEBERGEUR<br><\/strong>Die Website wird von der Firma Hostinger gehostet, deren Hauptsitz sich in :<br>61 Lordou Vironos Street, 6023 Larnaca, Zypern.<\/p>\n\n\n\n<p><strong>KONTAKTIEREN SIE UNS<br><\/strong>Bei Fragen k\u00f6nnen Sie sich an uns wenden:<\/p>\n\n\n\n<ul class=\"wp-block-list\">\n<li>per E-Mail : <a href=\"mailto:contact@camp-in-poses.com\" target=\"_blank\" rel=\"noreferrer noopener\">contact@camp-in-poses.com<\/a><\/li>\n\n\n\n<li>per Telefon: 0<a href=\"tel:+33232254533\" target=\"_blank\" rel=\"noreferrer noopener\">2 32 25 45 33<\/a><\/li>\n\n\n\n<li>per Post: RUE DES MASURES, 27740 POSES<\/li>\n<\/ul>\n\n\n\n<p><strong>GEISTIGES EIGENTUM<br><\/strong>Sofern nicht anders angegeben, sind alle Inhalte auf der Website (Texte, Bilder, Grafiken, Logos, Videos, Designelemente, Struktur, Datenbanken) durch das Recht des geistigen Eigentums gesch\u00fctzt.<br>Jede vollst\u00e4ndige oder teilweise Vervielf\u00e4ltigung, Darstellung, Anpassung oder Verwertung ohne vorherige schriftliche Genehmigung ist untersagt, sofern keine gesetzlichen Ausnahmen vorliegen.<\/p>\n\n\n\n<p><strong>VERANTWORTUNG<br><\/strong>Der Herausgeber unternimmt angemessene Anstrengungen, um die Richtigkeit und Aktualit\u00e4t der auf der Website verbreiteten Informationen zu gew\u00e4hrleisten.<br>Diese Informationen werden jedoch nur zu Informationszwecken zur Verf\u00fcgung gestellt. Der Herausgeber kann nicht f\u00fcr direkte oder indirekte Sch\u00e4den haftbar gemacht werden, die sich aus dem Zugriff auf die Website oder deren Nutzung ergeben, insbesondere im Falle von Unterbrechungen, Pannen, Fehlfunktionen oder dem Vorhandensein von Viren.<\/p>\n\n\n\n<p><strong>HYPERLINKS<br><\/strong>Die Website kann Links zu Websites Dritter enthalten. Der Herausgeber hat keine Kontrolle \u00fcber diese externen Ressourcen und \u00fcbernimmt keine Verantwortung f\u00fcr ihren Inhalt oder ihre Verf\u00fcgbarkeit.<\/p>\n\n\n\n<p><strong>PERS\u00d6NLICHE DATEN UND COOKIES<br><\/strong>Die Verarbeitung personenbezogener Daten und die Verwendung von Cookies\/Trackern werden in der Datenschutzrichtlinie - Cookies beschrieben, die auf der Website zug\u00e4nglich ist.<br>Eine Vorrichtung erm\u00f6glicht es, die Pr\u00e4ferenzen in Bezug auf Cookies\/Tracker zu verwalten (Annahme, Ablehnung, Personalisierung).<\/p>\n\n\n\n<p><strong>ANWENDBARES RECHT<br><\/strong>Die Website unterliegt dem franz\u00f6sischen Recht.<\/p>\n\n\n\n<p><strong>TOURISMUSVERMITTLER<\/strong><br>Nachdem der Kunde sich an den Service (nach dem Verkauf, nach der Reise...) gewandt hat und keine zufriedenstellende Antwort erhalten hat oder innerhalb von 60 Tagen keine Antwort erhalten hat, kann er sich kostenlos an den Ombudsmann f\u00fcr Tourismus und Reisen wenden, dessen Kontaktdaten und Anrufsmodalit\u00e4ten auf seiner Website zu finden sind: www.mtv.travel<\/p>\n<\/div><\/div>\n\n<\/div><\/div>","protected":false},"excerpt":{"rendered":"<p>IMPRESSUM Aktualisierung: 10.03.2026 Diese Website ist unter folgender Adresse erreichbar: https:\/\/camp-in-poses.com\/ (die \u201cPlattform\u201d oder die \u201cWebsite\u201d). SEITENHERAUSGEBER Juristische Person Gesellschaftsname: SARL LES FLOTS DE LA SEINE Rechtsform: SARL Stammkapital: 10.000,00 \u20ac Firmensitz: RUE DES MASURES, 27740 POSES Eintragung (RCS \/ RM): 522 152\u2026<\/p>","protected":false},"author":5,"featured_media":1653,"parent":0,"menu_order":0,"comment_status":"closed","ping_status":"closed","template":"","meta":{"_acf_changed":false,"_kad_blocks_custom_css":"","_kad_blocks_head_custom_js":"","_kad_blocks_body_custom_js":"","_kad_blocks_footer_custom_js":"","_kad_post_transparent":"","_kad_post_title":"","_kad_post_layout":"narrow","_kad_post_sidebar_id":"","_kad_post_content_style":"","_kad_post_vertical_padding":"","_kad_post_feature":"","_kad_post_feature_position":"","_kad_post_header":false,"_kad_post_footer":false,"_kad_post_classname":"","footnotes":""},"folder":[],"class_list":["post-1732","page","type-page","status-publish","has-post-thumbnail","hentry"],"acf":[],"taxonomy_info":[],"featured_image_src_large":["https:\/\/camp-in-poses.com\/wp-content\/uploads\/2026\/01\/happy-couple-relaxing-by-camper-van-in-sunny-campsite-portugal.-7967373-1024x683.jpg",1024,683,true],"author_info":{"display_name":"Apollo Studio","author_link":"https:\/\/camp-in-poses.com\/de\/author\/apollo-studio\/"},"comment_info":0,"_links":{"self":[{"href":"https:\/\/camp-in-poses.com\/de\/wp-json\/wp\/v2\/pages\/1732","targetHints":{"allow":["GET"]}}],"collection":[{"href":"https:\/\/camp-in-poses.com\/de\/wp-json\/wp\/v2\/pages"}],"about":[{"href":"https:\/\/camp-in-poses.com\/de\/wp-json\/wp\/v2\/types\/page"}],"author":[{"embeddable":true,"href":"https:\/\/camp-in-poses.com\/de\/wp-json\/wp\/v2\/users\/5"}],"replies":[{"embeddable":true,"href":"https:\/\/camp-in-poses.com\/de\/wp-json\/wp\/v2\/comments?post=1732"}],"version-history":[{"count":8,"href":"https:\/\/camp-in-poses.com\/de\/wp-json\/wp\/v2\/pages\/1732\/revisions"}],"predecessor-version":[{"id":2574,"href":"https:\/\/camp-in-poses.com\/de\/wp-json\/wp\/v2\/pages\/1732\/revisions\/2574"}],"wp:featuredmedia":[{"embeddable":true,"href":"https:\/\/camp-in-poses.com\/de\/wp-json\/wp\/v2\/media\/1653"}],"wp:attachment":[{"href":"https:\/\/camp-in-poses.com\/de\/wp-json\/wp\/v2\/media?parent=1732"}],"wp:term":[{"taxonomy":"folder","embeddable":true,"href":"https:\/\/camp-in-poses.com\/de\/wp-json\/wp\/v2\/folder?post=1732"}],"curies":[{"name":"wp","href":"https:\/\/api.w.org\/{rel}","templated":true}]}}